{"id":213,"date":"2025-03-17T22:34:42","date_gmt":"2025-03-17T22:34:42","guid":{"rendered":"http:\/\/miwebsv.com\/noticias\/?page_id=213"},"modified":"2025-03-17T22:34:42","modified_gmt":"2025-03-17T22:34:42","slug":"diseno-web-sv","status":"publish","type":"page","link":"https:\/\/miwebsv.com\/noticias\/diseno-web-sv\/","title":{"rendered":"Dise\u00f1o Web SV"},"content":{"rendered":"\n<p>\u00bfNecesitas una presencia en l\u00ednea impactante? \u00a1Nosotros te ayudamos!<\/p>\n\n\n\n<p>En Tienda Rivas Servicios y productos online , Te ayudamos en dise\u00f1o y desarrollo web, ubicados en Ciudad Barrios, San Miguel, El Salvador. Ofrecemos soluciones digitales personalizadas para negocios de todos los tama\u00f1os.<\/p>\n\n\n\n<p>Dise\u00f1o de sitios web b\u00e1sicos:<br>Creamos sitios web atractivos y funcionales para tu tienda, negocio o cualquier local que desees promocionar en l\u00ednea.<br>Nos enfocamos en la usabilidad y la experiencia del usuario para que tus visitantes encuentren f\u00e1cilmente lo que buscan.<br>Creaci\u00f3n de correos corporativos:<br>Proyecta una imagen profesional con correos electr\u00f3nicos personalizados con el nombre de tu dominio.<br>Mejora la comunicaci\u00f3n con tus clientes y proveedores.<br>Tiendas en l\u00ednea (E-commerce):<br>Expande tu negocio y vende tus productos en l\u00ednea con una tienda virtual f\u00e1cil de usar y segura.<br>Integramos pasarelas de pago y gestionamos el inventario para que puedas enfocarte en tus ventas.<br>Desarrollo de aplicaciones m\u00f3viles (Android):<br>Lleva tu negocio al siguiente nivel con una aplicaci\u00f3n m\u00f3vil personalizada para dispositivos Android.<br>Ofrece a tus clientes una experiencia \u00fanica y facilita el acceso a tus productos y servicios.<br>Publicamos tu app en Google play.<br>Dise\u00f1o y desarrollo en WordPress:<br>Si prefieres la versatilidad de WordPress, tambi\u00e9n trabajamos en esta plataforma.<br>Creamos sitios web din\u00e1micos y f\u00e1ciles de gestionar, con dise\u00f1os personalizados y funcionalidades avanzadas.<br>\u00bfPor qu\u00e9 elegirnos?<\/p>\n\n\n\n<p>Precios competitivos: Ofrecemos soluciones de alta calidad a precios accesibles.<br>Atenci\u00f3n personalizada: Nos adaptamos a tus necesidades y te brindamos asesoramiento en cada etapa del proyecto.<br>Experiencia y profesionalismo: Contamos con un equipo de expertos en dise\u00f1o y desarrollo web.<br>Presencia local: Estamos ubicados en Ciudad Barrios, San Miguel, y conocemos las necesidades del mercado local.<br>\u00a1Cont\u00e1ctanos hoy mismo y solicita una cotizaci\u00f3n sin compromiso!<\/p>\n\n\n\n<p>Correo electr\u00f3nico: [clientes@ciudadbarrio.com]<br>Tambien puedes contactarnos por medio de nuestras redes sociales.<br>\u00a1Impulsa tu negocio en l\u00ednea !<\/p>\n","protected":false},"excerpt":{"rendered":"<p>\u00bfNecesitas una presencia en l\u00ednea impactante? \u00a1Nosotros te ayudamos! En Tienda Rivas Servicios y productos online , Te ayudamos en dise\u00f1o y desarrollo web, ubicados en Ciudad Barrios, San Miguel, El Salvador. Ofrecemos soluciones digitales personalizadas para negocios de todos los tama\u00f1os. Dise\u00f1o de sitios web b\u00e1sicos:Creamos sitios web atractivos y funcionales para tu tienda, [&hellip;]<\/p>\n","protected":false},"author":1,"featured_media":214,"parent":0,"menu_order":0,"comment_status":"closed","ping_status":"closed","template":"","meta":{"footnotes":""},"class_list":["post-213","page","type-page","status-publish","has-post-thumbnail","hentry"],"_links":{"self":[{"href":"https:\/\/miwebsv.com\/noticias\/wp-json\/wp\/v2\/pages\/213","targetHints":{"allow":["GET"]}}],"collection":[{"href":"https:\/\/miwebsv.com\/noticias\/wp-json\/wp\/v2\/pages"}],"about":[{"href":"https:\/\/miwebsv.com\/noticias\/wp-json\/wp\/v2\/types\/page"}],"author":[{"embeddable":true,"href":"https:\/\/miwebsv.com\/noticias\/wp-json\/wp\/v2\/users\/1"}],"replies":[{"embeddable":true,"href":"https:\/\/miwebsv.com\/noticias\/wp-json\/wp\/v2\/comments?post=213"}],"version-history":[{"count":1,"href":"https:\/\/miwebsv.com\/noticias\/wp-json\/wp\/v2\/pages\/213\/revisions"}],"predecessor-version":[{"id":215,"href":"https:\/\/miwebsv.com\/noticias\/wp-json\/wp\/v2\/pages\/213\/revisions\/215"}],"wp:featuredmedia":[{"embeddable":true,"href":"https:\/\/miwebsv.com\/noticias\/wp-json\/wp\/v2\/media\/214"}],"wp:attachment":[{"href":"https:\/\/miwebsv.com\/noticias\/wp-json\/wp\/v2\/media?parent=213"}],"curies":[{"name":"wp","href":"https:\/\/api.w.org\/{rel}","templated":true}]}}